{"id":288,"date":"2021-11-04T10:55:57","date_gmt":"2021-11-04T13:55:57","guid":{"rendered":"https:\/\/balletempaginas.com\/?page_id=288"},"modified":"2022-08-09T15:38:01","modified_gmt":"2022-08-09T18:38:01","slug":"pagina-inicial","status":"publish","type":"page","link":"https:\/\/balletempaginas.com\/en\/","title":{"rendered":"Seja bem vindo!"},"content":{"rendered":"<p>Seja bem vindo ao blog Ballet em P\u00e1ginas!<\/p>\n\n\n\n<p>Aqui voc\u00ea mergulha num mundo m\u00e1gico onde sapatilhas, tules, papel e tinta se misturam!<\/p>\n\n\n\n<p><\/p>\n\n\n\n<figure class=\"wp-block-image size-large is-style-default\"><img loading=\"lazy\" width=\"1024\" height=\"550\" src=\"https:\/\/balletempaginas.com\/wp-content\/uploads\/2021\/11\/icone-s-fundo-1-1024x550.png\" alt=\"\" class=\"wp-image-289\" srcset=\"https:\/\/balletempaginas.com\/wp-content\/uploads\/2021\/11\/icone-s-fundo-1-1024x550.png 1024w, https:\/\/balletempaginas.com\/wp-content\/uploads\/2021\/11\/icone-s-fundo-1-300x161.png 300w, https:\/\/balletempaginas.com\/wp-content\/uploads\/2021\/11\/icone-s-fundo-1-768x412.png 768w, https:\/\/balletempaginas.com\/wp-content\/uploads\/2021\/11\/icone-s-fundo-1-1536x825.png 1536w, https:\/\/balletempaginas.com\/wp-content\/uploads\/2021\/11\/icone-s-fundo-1-2048x1100.png 2048w, https:\/\/balletempaginas.com\/wp-content\/uploads\/2021\/11\/icone-s-fundo-1-18x10.png 18w\" sizes=\"(max-width: 1024px) 100vw, 1024px\" \/><\/figure>\n\n\n\n<p><\/p>\n\n\n\n<h2>O que encontro nesse blog?<\/h2>\n\n\n\n<h3>Livros<\/h3>\n\n\n\n<p>No menu principal, ao clicar na categoria <a href=\"https:\/\/balletempaginas.com\/en\/category\/livros\/\" target=\"_blank\" rel=\"noreferrer noopener\">LIVROS<\/a>, voc\u00ea encontrar\u00e1 uma lista de posts sobre livros de ballet e assuntos relacionados.<\/p>\n\n\n\n<p><em>Livros de ballet<\/em> s\u00e3o aqueles nos quais o assunto est\u00e1 diretamente associado ao mundo da dan\u00e7a.<\/p>\n\n\n\n<p>Por exemplo: livros sobre metodologias de ensino de ballet cl\u00e1ssico, biografias de grandes bailarinos e mestres da dan\u00e7a, livros sobre hist\u00f3ria da dan\u00e7a e por a\u00ed vai!<\/p>\n\n\n\n<p>Livros de <em>assuntos relacionados<\/em> ao ballet, por outro lado, s\u00e3o aqueles que t\u00eam alguma liga\u00e7\u00e3o com a dan\u00e7a, mas n\u00e3o necessariamente t\u00eam o ballet como assunto principal. Esses podem ser romances, biografias de compositores e pintores, livros sobre movimentos art\u00edsticos e hist\u00f3ria geral&#8230;.enfim! Acho que deu para entender, n\u00e9?<\/p>\n\n\n\n<h3>Al\u00e9m dos livros<\/h3>\n\n\n\n<p>Tamb\u00e9m no menu principal, no item <a href=\"https:\/\/balletempaginas.com\/en\/category\/alem-dos-livros\/\" target=\"_blank\" rel=\"noreferrer noopener\">AL\u00c9M DOS LIVROS<\/a> voc\u00ea encontrar\u00e1 um conte\u00fado complementar aos livros postados aqui no blog.<\/p>\n\n\n\n<p>Esse conte\u00fado pode ser curiosidades e informa\u00e7\u00f5es sobre os assuntos dos livros, dicas de filmes e s\u00e9ries ou qualquer outro tema que voc\u00ea me pedir nos coment\u00e1rios (olha a\u00ed a oportunidade)!<\/p>\n\n\n\n<h3>Quem sou eu?<\/h3>\n\n\n\n<p>Se voc\u00ea n\u00e3o me conhece e quer saber um pouco sobre mim, clique no link <a href=\"https:\/\/balletempaginas.com\/en\/about-me\/\" target=\"_blank\" rel=\"noreferrer noopener\">QUEM SOU EU<\/a>.<\/p>\n\n\n\n<p>L\u00e1 eu conto resumidamente minha hist\u00f3ria com a dan\u00e7a e os livros. Quem sabe n\u00e3o temos algo em comum?<\/p>\n\n\n\n<h3>Contato<\/h3>\n\n\n\n<p>Por fim, se voc\u00ea leu algum livro sobre ballet (ou relacionado) e gostaria de ver por aqui, deixe sua indica\u00e7\u00e3o na aba <a href=\"https:\/\/balletempaginas.com\/en\/contato-ballet-em-paginas\/\" target=\"_blank\" rel=\"noreferrer noopener\">CONTATO<\/a>.<\/p>\n\n\n\n<p>Vou ficar muito feliz com sua sugest\u00e3o!<\/p>\n\n\n\n<h3>Siga-me no Instagram!<\/h3>\n\n\n\n<p>O Ballet em P\u00e1ginas tamb\u00e9m est\u00e1 no <a href=\"https:\/\/www.instagram.com\/balletempaginas\/\" target=\"_blank\" rel=\"noreferrer noopener\">Instagram<\/a>!<\/p>\n\n\n\n<p>L\u00e1 tem muito conte\u00fado f\u00e1cil e pr\u00e1tico sobre os livros postados aqui no blog!<\/p>\n\n\n\n<p>Al\u00e9m disso, voc\u00ea ficar\u00e1 sempre sabendo quando tem um post novo!<\/p>\n\n\n\n<p>Se voc\u00ea gostar, siga, curta e compartilhe o Ballet em P\u00e1ginas! Agrade\u00e7o de cora\u00e7\u00e3o!<\/p>\n\n\n\n<h3>Explore<\/h3>\n\n\n\n<p>Agora que voc\u00ea j\u00e1 sabe o que encontrar, prepare um caf\u00e9, afofe a almofada, estique os p\u00e9s e sinta-se em casa para explorar o blog.<\/p>\n\n\n\n<p>Que a magia das palavras e do movimento levem voc\u00ea a uma realidade de leveza e conhecimento!<\/p>","protected":false},"excerpt":{"rendered":"<p>Seja bem vindo ao blog Ballet em P\u00e1ginas! Aqui voc\u00ea mergulha num mundo m\u00e1gico onde sapatilhas, tules, papel e tinta se misturam! O que encontro nesse blog? Livros No menu principal, ao clicar na categoria LIVROS, voc\u00ea encontrar\u00e1 uma lista de posts sobre livros de ballet e assuntos relacionados. Livros de ballet s\u00e3o<\/p>","protected":false},"author":1,"featured_media":0,"parent":0,"menu_order":0,"comment_status":"open","ping_status":"closed","template":"","meta":[],"yoast_head":"<!-- This site is optimized with the Yoast SEO plugin v19.4 - https:\/\/yoast.com\/wordpress\/plugins\/seo\/ -->\n<title>Seja bem vindo! - Ballet em P\u00e1ginas<\/title>\n<meta name=\"description\" content=\"Seja bem vindo ao blog Ballet em P\u00e1ginas! Aqui voc\u00ea encontra tudo sobre livros de ballet e assuntos relacionados \u00e0 dan\u00e7a.\" \/>\n<meta name=\"robots\" content=\"index, follow, max-snippet:-1, max-image-preview:large, max-video-preview:-1\" \/>\n<link rel=\"canonical\" href=\"https:\/\/balletempaginas.com\/en\/\" \/>\n<meta property=\"og:locale\" content=\"en_US\" \/>\n<meta property=\"og:type\" content=\"article\" \/>\n<meta property=\"og:title\" content=\"Seja bem vindo! - Ballet em P\u00e1ginas\" \/>\n<meta property=\"og:description\" content=\"Seja bem vindo ao blog Ballet em P\u00e1ginas! Aqui voc\u00ea encontra tudo sobre livros de ballet e assuntos relacionados \u00e0 dan\u00e7a.\" \/>\n<meta property=\"og:url\" content=\"https:\/\/balletempaginas.com\/en\/\" \/>\n<meta property=\"og:site_name\" content=\"Ballet em P\u00e1ginas\" \/>\n<meta property=\"article:modified_time\" content=\"2022-08-09T18:38:01+00:00\" \/>\n<meta property=\"og:image\" content=\"https:\/\/balletempaginas.com\/wp-content\/uploads\/2021\/11\/icone-s-fundo-1-1024x550.png\" \/>\n<meta name=\"twitter:card\" content=\"summary_large_image\" \/>\n<meta name=\"twitter:site\" content=\"@analuvitorassi\" \/>\n<meta name=\"twitter:label1\" content=\"Est. reading time\" \/>\n\t<meta name=\"twitter:data1\" content=\"2 minutes\" \/>\n<script type=\"application\/ld+json\" class=\"yoast-schema-graph\">{\"@context\":\"https:\/\/schema.org\",\"@graph\":[{\"@type\":[\"Person\",\"Organization\"],\"@id\":\"https:\/\/balletempaginas.com\/#\/schema\/person\/ec70801ffeabd1597379bedf96e672ea\",\"name\":\"analuvitorassi\",\"image\":{\"@type\":\"ImageObject\",\"inLanguage\":\"en-US\",\"@id\":\"https:\/\/balletempaginas.com\/#\/schema\/person\/image\/\",\"url\":\"https:\/\/balletempaginas.com\/wp-content\/uploads\/2021\/10\/cropped-logo-c-fundo-3.png\",\"contentUrl\":\"https:\/\/balletempaginas.com\/wp-content\/uploads\/2021\/10\/cropped-logo-c-fundo-3.png\",\"width\":3308,\"height\":2132,\"caption\":\"analuvitorassi\"},\"logo\":{\"@id\":\"https:\/\/balletempaginas.com\/#\/schema\/person\/image\/\"},\"sameAs\":[\"http:\/\/balletempaginas.com\",\"https:\/\/www.instagram.com\/balletempaginas\/\",\"https:\/\/twitter.com\/analuvitorassi\"]},{\"@type\":\"WebSite\",\"@id\":\"https:\/\/balletempaginas.com\/#website\",\"url\":\"https:\/\/balletempaginas.com\/\",\"name\":\"Ballet em P\u00e1ginas\",\"description\":\"Livros sobre ballet \",\"publisher\":{\"@id\":\"https:\/\/balletempaginas.com\/#\/schema\/person\/ec70801ffeabd1597379bedf96e672ea\"},\"potentialAction\":[{\"@type\":\"SearchAction\",\"target\":{\"@type\":\"EntryPoint\",\"urlTemplate\":\"https:\/\/balletempaginas.com\/?s={search_term_string}\"},\"query-input\":\"required name=search_term_string\"}],\"inLanguage\":\"en-US\"},{\"@type\":\"WebPage\",\"@id\":\"https:\/\/balletempaginas.com\/\",\"url\":\"https:\/\/balletempaginas.com\/\",\"name\":\"Seja bem vindo! - Ballet em P\u00e1ginas\",\"isPartOf\":{\"@id\":\"https:\/\/balletempaginas.com\/#website\"},\"datePublished\":\"2021-11-04T13:55:57+00:00\",\"dateModified\":\"2022-08-09T18:38:01+00:00\",\"description\":\"Seja bem vindo ao blog Ballet em P\u00e1ginas! Aqui voc\u00ea encontra tudo sobre livros de ballet e assuntos relacionados \u00e0 dan\u00e7a.\",\"breadcrumb\":{\"@id\":\"https:\/\/balletempaginas.com\/#breadcrumb\"},\"inLanguage\":\"en-US\",\"potentialAction\":[{\"@type\":\"ReadAction\",\"target\":[\"https:\/\/balletempaginas.com\/\"]}]},{\"@type\":\"BreadcrumbList\",\"@id\":\"https:\/\/balletempaginas.com\/#breadcrumb\",\"itemListElement\":[{\"@type\":\"ListItem\",\"position\":1,\"name\":\"P\u00e1gina Inicial\",\"item\":\"https:\/\/balletempaginas.com\/\"},{\"@type\":\"ListItem\",\"position\":2,\"name\":\"Seja bem vindo!\"}]}]}<\/script>\n<!-- \/ Yoast SEO plugin. -->","yoast_head_json":{"title":"Seja bem vindo! - Ballet em P\u00e1ginas","description":"Seja bem vindo ao blog Ballet em P\u00e1ginas! Aqui voc\u00ea encontra tudo sobre livros de ballet e assuntos relacionados \u00e0 dan\u00e7a.","robots":{"index":"index","follow":"follow","max-snippet":"max-snippet:-1","max-image-preview":"max-image-preview:large","max-video-preview":"max-video-preview:-1"},"canonical":"https:\/\/balletempaginas.com\/en\/","og_locale":"en_US","og_type":"article","og_title":"Seja bem vindo! - Ballet em P\u00e1ginas","og_description":"Seja bem vindo ao blog Ballet em P\u00e1ginas! Aqui voc\u00ea encontra tudo sobre livros de ballet e assuntos relacionados \u00e0 dan\u00e7a.","og_url":"https:\/\/balletempaginas.com\/en\/","og_site_name":"Ballet em P\u00e1ginas","article_modified_time":"2022-08-09T18:38:01+00:00","og_image":[{"url":"https:\/\/balletempaginas.com\/wp-content\/uploads\/2021\/11\/icone-s-fundo-1-1024x550.png"}],"twitter_card":"summary_large_image","twitter_site":"@analuvitorassi","twitter_misc":{"Est. reading time":"2 minutes"},"schema":{"@context":"https:\/\/schema.org","@graph":[{"@type":["Person","Organization"],"@id":"https:\/\/balletempaginas.com\/#\/schema\/person\/ec70801ffeabd1597379bedf96e672ea","name":"analuvitorassi","image":{"@type":"ImageObject","inLanguage":"en-US","@id":"https:\/\/balletempaginas.com\/#\/schema\/person\/image\/","url":"https:\/\/balletempaginas.com\/wp-content\/uploads\/2021\/10\/cropped-logo-c-fundo-3.png","contentUrl":"https:\/\/balletempaginas.com\/wp-content\/uploads\/2021\/10\/cropped-logo-c-fundo-3.png","width":3308,"height":2132,"caption":"analuvitorassi"},"logo":{"@id":"https:\/\/balletempaginas.com\/#\/schema\/person\/image\/"},"sameAs":["http:\/\/balletempaginas.com","https:\/\/www.instagram.com\/balletempaginas\/","https:\/\/twitter.com\/analuvitorassi"]},{"@type":"WebSite","@id":"https:\/\/balletempaginas.com\/#website","url":"https:\/\/balletempaginas.com\/","name":"Ballet em P\u00e1ginas","description":"Livros sobre ballet","publisher":{"@id":"https:\/\/balletempaginas.com\/#\/schema\/person\/ec70801ffeabd1597379bedf96e672ea"},"potentialAction":[{"@type":"SearchAction","target":{"@type":"EntryPoint","urlTemplate":"https:\/\/balletempaginas.com\/?s={search_term_string}"},"query-input":"required name=search_term_string"}],"inLanguage":"en-US"},{"@type":"WebPage","@id":"https:\/\/balletempaginas.com\/","url":"https:\/\/balletempaginas.com\/","name":"Seja bem vindo! - Ballet em P\u00e1ginas","isPartOf":{"@id":"https:\/\/balletempaginas.com\/#website"},"datePublished":"2021-11-04T13:55:57+00:00","dateModified":"2022-08-09T18:38:01+00:00","description":"Seja bem vindo ao blog Ballet em P\u00e1ginas! Aqui voc\u00ea encontra tudo sobre livros de ballet e assuntos relacionados \u00e0 dan\u00e7a.","breadcrumb":{"@id":"https:\/\/balletempaginas.com\/#breadcrumb"},"inLanguage":"en-US","potentialAction":[{"@type":"ReadAction","target":["https:\/\/balletempaginas.com\/"]}]},{"@type":"BreadcrumbList","@id":"https:\/\/balletempaginas.com\/#breadcrumb","itemListElement":[{"@type":"ListItem","position":1,"name":"P\u00e1gina Inicial","item":"https:\/\/balletempaginas.com\/"},{"@type":"ListItem","position":2,"name":"Seja bem vindo!"}]}]}},"_links":{"self":[{"href":"https:\/\/balletempaginas.com\/en\/wp-json\/wp\/v2\/pages\/288"}],"collection":[{"href":"https:\/\/balletempaginas.com\/en\/wp-json\/wp\/v2\/pages"}],"about":[{"href":"https:\/\/balletempaginas.com\/en\/wp-json\/wp\/v2\/types\/page"}],"author":[{"embeddable":true,"href":"https:\/\/balletempaginas.com\/en\/wp-json\/wp\/v2\/users\/1"}],"replies":[{"embeddable":true,"href":"https:\/\/balletempaginas.com\/en\/wp-json\/wp\/v2\/comments?post=288"}],"version-history":[{"count":7,"href":"https:\/\/balletempaginas.com\/en\/wp-json\/wp\/v2\/pages\/288\/revisions"}],"predecessor-version":[{"id":430,"href":"https:\/\/balletempaginas.com\/en\/wp-json\/wp\/v2\/pages\/288\/revisions\/430"}],"wp:attachment":[{"href":"https:\/\/balletempaginas.com\/en\/wp-json\/wp\/v2\/media?parent=288"}],"curies":[{"name":"wp","href":"https:\/\/api.w.org\/{rel}","templated":true}]}}