{"id":229,"date":"2021-10-12T18:06:01","date_gmt":"2021-10-12T21:06:01","guid":{"rendered":"https:\/\/balletempaginas.com\/?page_id=229"},"modified":"2023-04-04T17:46:21","modified_gmt":"2023-04-04T20:46:21","slug":"contato-ballet-em-paginas","status":"publish","type":"page","link":"https:\/\/balletempaginas.com\/en\/contato-ballet-em-paginas\/","title":{"rendered":"Contato"},"content":{"rendered":"\n<div class=\"wp-block-group\"><div class=\"wp-block-group__inner-container\">\n<div class=\"wp-block-columns\">\n<div class=\"wp-block-column is-vertically-aligned-center\">\n<h2>Entre em contato!<\/h2>\n\n\n\n<p>Aproveite e fa\u00e7a sua sugest\u00e3o de leitura!<\/p>\n<\/div>\n\n\n\n<div class=\"wp-block-column\"><div class=\"wpforms-container wpforms-container-full wpforms-block\" id=\"wpforms-511\"><form id=\"wpforms-form-511\" class=\"wpforms-validate wpforms-form wpforms-ajax-form\" data-formid=\"511\" method=\"post\" enctype=\"multipart\/form-data\" action=\"\/en\/wp-json\/wp\/v2\/pages\/229\" data-token=\"a516008b763055205b51e64ddf7c639f\" data-token-time=\"1778163705\"><noscript class=\"wpforms-error-noscript\">Please enable JavaScript in your browser to complete this form.<\/noscript><div class=\"wpforms-field-container\"><div id=\"wpforms-511-field_0-container\" class=\"wpforms-field wpforms-field-name\" data-field-id=\"0\"><label class=\"wpforms-field-label\" for=\"wpforms-511-field_0\">Nome <span class=\"wpforms-required-label\">*<\/span><\/label><input type=\"text\" id=\"wpforms-511-field_0\" class=\"wpforms-field-medium wpforms-field-required\" name=\"wpforms[fields][0]\" required><\/div><div id=\"wpforms-511-field_1-container\" class=\"wpforms-field wpforms-field-email\" data-field-id=\"1\"><label class=\"wpforms-field-label\" for=\"wpforms-511-field_1\">E-mail <span class=\"wpforms-required-label\">*<\/span><\/label><input type=\"email\" id=\"wpforms-511-field_1\" class=\"wpforms-field-medium wpforms-field-required\" name=\"wpforms[fields][1]\" spellcheck=\"false\" required><\/div><div id=\"wpforms-511-field_2-container\" class=\"wpforms-field wpforms-field-textarea\" data-field-id=\"2\"><label class=\"wpforms-field-label\" for=\"wpforms-511-field_2\">Mensagem <span class=\"wpforms-required-label\">*<\/span><\/label><textarea id=\"wpforms-511-field_2\" class=\"wpforms-field-medium wpforms-field-required\" name=\"wpforms[fields][2]\" required><\/textarea><\/div><\/div><!-- .wpforms-field-container --><div class=\"wpforms-submit-container\" ><input type=\"hidden\" name=\"wpforms[id]\" value=\"511\"><input type=\"hidden\" name=\"page_title\" value=\"\"><input type=\"hidden\" name=\"page_url\" value=\"https:\/\/balletempaginas.com\/en\/wp-json\/wp\/v2\/pages\/229\"><input type=\"hidden\" name=\"url_referer\" value=\"\"><button type=\"submit\" name=\"wpforms[submit]\" id=\"wpforms-submit-511\" class=\"wpforms-submit\" data-alt-text=\"Enviando...\" data-submit-text=\"Enviar\" aria-live=\"assertive\" value=\"wpforms-submit\">Enviar<\/button><img loading=\"lazy\" src=\"https:\/\/balletempaginas.com\/wp-content\/plugins\/wpforms-lite\/assets\/images\/submit-spin.svg\" class=\"wpforms-submit-spinner\" style=\"display: none;\" width=\"26\" height=\"26\" alt=\"Loading\"><\/div><input type=\"hidden\" id=\"ct_checkjs_wpforms_2838023a778dfaecdc212708f721b788\" name=\"ct_checkjs_wpforms\" value=\"0\" \/><script>setTimeout(function(){var ct_input_name = \"ct_checkjs_wpforms_2838023a778dfaecdc212708f721b788\";if (document.getElementById(ct_input_name) !== null) {var ct_input_value = document.getElementById(ct_input_name).value;document.getElementById(ct_input_name).value = document.getElementById(ct_input_name).value.replace(ct_input_value, '1814602169');}}, 1000);<\/script><input\n                    class=\"apbct_special_field apbct_email_id__wp_wpforms\"\n                    name=\"apbct__email_id__wp_wpforms\"\n                    aria-label=\"apbct__label_id__wp_wpforms\"\n                    type=\"text\" size=\"30\" maxlength=\"200\" autocomplete=\"off\"\n                    value=\"\"\n                \/><\/form><\/div>  <!-- .wpforms-container --><\/div>\n<\/div>\n<\/div><\/div>\n","protected":false},"excerpt":{"rendered":"<p>Entre em contato! Aproveite e fa\u00e7a sua sugest\u00e3o de leitura!<\/p>","protected":false},"author":1,"featured_media":0,"parent":0,"menu_order":0,"comment_status":"closed","ping_status":"closed","template":"","meta":[],"yoast_head":"<!-- This site is optimized with the Yoast SEO plugin v19.4 - https:\/\/yoast.com\/wordpress\/plugins\/seo\/ -->\n<title>Contato - Ballet em P\u00e1ginas<\/title>\n<meta name=\"description\" content=\"Fa\u00e7a cr\u00edticas, sugest\u00f5es e coment\u00e1rios \u00e0 nossa p\u00e1gina. Aproveite e indique um livro que gostaria de ver por aqui!\" \/>\n<meta name=\"robots\" content=\"index, follow, max-snippet:-1, max-image-preview:large, max-video-preview:-1\" \/>\n<link rel=\"canonical\" href=\"https:\/\/balletempaginas.com\/en\/contato-ballet-em-paginas\/\" \/>\n<meta property=\"og:locale\" content=\"en_US\" \/>\n<meta property=\"og:type\" content=\"article\" \/>\n<meta property=\"og:title\" content=\"Contato - Ballet em P\u00e1ginas\" \/>\n<meta property=\"og:description\" content=\"Fa\u00e7a cr\u00edticas, sugest\u00f5es e coment\u00e1rios \u00e0 nossa p\u00e1gina. Aproveite e indique um livro que gostaria de ver por aqui!\" \/>\n<meta property=\"og:url\" content=\"https:\/\/balletempaginas.com\/en\/contato-ballet-em-paginas\/\" \/>\n<meta property=\"og:site_name\" content=\"Ballet em P\u00e1ginas\" \/>\n<meta property=\"article:modified_time\" content=\"2023-04-04T20:46:21+00:00\" \/>\n<meta name=\"twitter:card\" content=\"summary_large_image\" \/>\n<meta name=\"twitter:site\" content=\"@analuvitorassi\" \/>\n<meta name=\"twitter:label1\" content=\"Est. reading time\" \/>\n\t<meta name=\"twitter:data1\" content=\"1 minute\" \/>\n<script type=\"application\/ld+json\" class=\"yoast-schema-graph\">{\"@context\":\"https:\/\/schema.org\",\"@graph\":[{\"@type\":[\"Person\",\"Organization\"],\"@id\":\"https:\/\/balletempaginas.com\/#\/schema\/person\/ec70801ffeabd1597379bedf96e672ea\",\"name\":\"analuvitorassi\",\"image\":{\"@type\":\"ImageObject\",\"inLanguage\":\"en-US\",\"@id\":\"https:\/\/balletempaginas.com\/#\/schema\/person\/image\/\",\"url\":\"https:\/\/balletempaginas.com\/wp-content\/uploads\/2021\/10\/cropped-logo-c-fundo-3.png\",\"contentUrl\":\"https:\/\/balletempaginas.com\/wp-content\/uploads\/2021\/10\/cropped-logo-c-fundo-3.png\",\"width\":3308,\"height\":2132,\"caption\":\"analuvitorassi\"},\"logo\":{\"@id\":\"https:\/\/balletempaginas.com\/#\/schema\/person\/image\/\"},\"sameAs\":[\"http:\/\/balletempaginas.com\",\"https:\/\/www.instagram.com\/balletempaginas\/\",\"https:\/\/twitter.com\/analuvitorassi\"]},{\"@type\":\"WebSite\",\"@id\":\"https:\/\/balletempaginas.com\/#website\",\"url\":\"https:\/\/balletempaginas.com\/\",\"name\":\"Ballet em P\u00e1ginas\",\"description\":\"Livros sobre ballet \",\"publisher\":{\"@id\":\"https:\/\/balletempaginas.com\/#\/schema\/person\/ec70801ffeabd1597379bedf96e672ea\"},\"potentialAction\":[{\"@type\":\"SearchAction\",\"target\":{\"@type\":\"EntryPoint\",\"urlTemplate\":\"https:\/\/balletempaginas.com\/?s={search_term_string}\"},\"query-input\":\"required name=search_term_string\"}],\"inLanguage\":\"en-US\"},{\"@type\":\"WebPage\",\"@id\":\"https:\/\/balletempaginas.com\/contato-ballet-em-paginas\/\",\"url\":\"https:\/\/balletempaginas.com\/contato-ballet-em-paginas\/\",\"name\":\"Contato - Ballet em P\u00e1ginas\",\"isPartOf\":{\"@id\":\"https:\/\/balletempaginas.com\/#website\"},\"datePublished\":\"2021-10-12T21:06:01+00:00\",\"dateModified\":\"2023-04-04T20:46:21+00:00\",\"description\":\"Fa\u00e7a cr\u00edticas, sugest\u00f5es e coment\u00e1rios \u00e0 nossa p\u00e1gina. Aproveite e indique um livro que gostaria de ver por aqui!\",\"breadcrumb\":{\"@id\":\"https:\/\/balletempaginas.com\/contato-ballet-em-paginas\/#breadcrumb\"},\"inLanguage\":\"en-US\",\"potentialAction\":[{\"@type\":\"ReadAction\",\"target\":[\"https:\/\/balletempaginas.com\/contato-ballet-em-paginas\/\"]}]},{\"@type\":\"BreadcrumbList\",\"@id\":\"https:\/\/balletempaginas.com\/contato-ballet-em-paginas\/#breadcrumb\",\"itemListElement\":[{\"@type\":\"ListItem\",\"position\":1,\"name\":\"P\u00e1gina Inicial\",\"item\":\"https:\/\/balletempaginas.com\/\"},{\"@type\":\"ListItem\",\"position\":2,\"name\":\"Contato\"}]}]}<\/script>\n<!-- \/ Yoast SEO plugin. -->","yoast_head_json":{"title":"Contato - Ballet em P\u00e1ginas","description":"Fa\u00e7a cr\u00edticas, sugest\u00f5es e coment\u00e1rios \u00e0 nossa p\u00e1gina. Aproveite e indique um livro que gostaria de ver por aqui!","robots":{"index":"index","follow":"follow","max-snippet":"max-snippet:-1","max-image-preview":"max-image-preview:large","max-video-preview":"max-video-preview:-1"},"canonical":"https:\/\/balletempaginas.com\/en\/contato-ballet-em-paginas\/","og_locale":"en_US","og_type":"article","og_title":"Contato - Ballet em P\u00e1ginas","og_description":"Fa\u00e7a cr\u00edticas, sugest\u00f5es e coment\u00e1rios \u00e0 nossa p\u00e1gina. Aproveite e indique um livro que gostaria de ver por aqui!","og_url":"https:\/\/balletempaginas.com\/en\/contato-ballet-em-paginas\/","og_site_name":"Ballet em P\u00e1ginas","article_modified_time":"2023-04-04T20:46:21+00:00","twitter_card":"summary_large_image","twitter_site":"@analuvitorassi","twitter_misc":{"Est. reading time":"1 minute"},"schema":{"@context":"https:\/\/schema.org","@graph":[{"@type":["Person","Organization"],"@id":"https:\/\/balletempaginas.com\/#\/schema\/person\/ec70801ffeabd1597379bedf96e672ea","name":"analuvitorassi","image":{"@type":"ImageObject","inLanguage":"en-US","@id":"https:\/\/balletempaginas.com\/#\/schema\/person\/image\/","url":"https:\/\/balletempaginas.com\/wp-content\/uploads\/2021\/10\/cropped-logo-c-fundo-3.png","contentUrl":"https:\/\/balletempaginas.com\/wp-content\/uploads\/2021\/10\/cropped-logo-c-fundo-3.png","width":3308,"height":2132,"caption":"analuvitorassi"},"logo":{"@id":"https:\/\/balletempaginas.com\/#\/schema\/person\/image\/"},"sameAs":["http:\/\/balletempaginas.com","https:\/\/www.instagram.com\/balletempaginas\/","https:\/\/twitter.com\/analuvitorassi"]},{"@type":"WebSite","@id":"https:\/\/balletempaginas.com\/#website","url":"https:\/\/balletempaginas.com\/","name":"Ballet em P\u00e1ginas","description":"Livros sobre ballet","publisher":{"@id":"https:\/\/balletempaginas.com\/#\/schema\/person\/ec70801ffeabd1597379bedf96e672ea"},"potentialAction":[{"@type":"SearchAction","target":{"@type":"EntryPoint","urlTemplate":"https:\/\/balletempaginas.com\/?s={search_term_string}"},"query-input":"required name=search_term_string"}],"inLanguage":"en-US"},{"@type":"WebPage","@id":"https:\/\/balletempaginas.com\/contato-ballet-em-paginas\/","url":"https:\/\/balletempaginas.com\/contato-ballet-em-paginas\/","name":"Contato - Ballet em P\u00e1ginas","isPartOf":{"@id":"https:\/\/balletempaginas.com\/#website"},"datePublished":"2021-10-12T21:06:01+00:00","dateModified":"2023-04-04T20:46:21+00:00","description":"Fa\u00e7a cr\u00edticas, sugest\u00f5es e coment\u00e1rios \u00e0 nossa p\u00e1gina. Aproveite e indique um livro que gostaria de ver por aqui!","breadcrumb":{"@id":"https:\/\/balletempaginas.com\/contato-ballet-em-paginas\/#breadcrumb"},"inLanguage":"en-US","potentialAction":[{"@type":"ReadAction","target":["https:\/\/balletempaginas.com\/contato-ballet-em-paginas\/"]}]},{"@type":"BreadcrumbList","@id":"https:\/\/balletempaginas.com\/contato-ballet-em-paginas\/#breadcrumb","itemListElement":[{"@type":"ListItem","position":1,"name":"P\u00e1gina Inicial","item":"https:\/\/balletempaginas.com\/"},{"@type":"ListItem","position":2,"name":"Contato"}]}]}},"_links":{"self":[{"href":"https:\/\/balletempaginas.com\/en\/wp-json\/wp\/v2\/pages\/229"}],"collection":[{"href":"https:\/\/balletempaginas.com\/en\/wp-json\/wp\/v2\/pages"}],"about":[{"href":"https:\/\/balletempaginas.com\/en\/wp-json\/wp\/v2\/types\/page"}],"author":[{"embeddable":true,"href":"https:\/\/balletempaginas.com\/en\/wp-json\/wp\/v2\/users\/1"}],"replies":[{"embeddable":true,"href":"https:\/\/balletempaginas.com\/en\/wp-json\/wp\/v2\/comments?post=229"}],"version-history":[{"count":3,"href":"https:\/\/balletempaginas.com\/en\/wp-json\/wp\/v2\/pages\/229\/revisions"}],"predecessor-version":[{"id":515,"href":"https:\/\/balletempaginas.com\/en\/wp-json\/wp\/v2\/pages\/229\/revisions\/515"}],"wp:attachment":[{"href":"https:\/\/balletempaginas.com\/en\/wp-json\/wp\/v2\/media?parent=229"}],"curies":[{"name":"wp","href":"https:\/\/api.w.org\/{rel}","templated":true}]}}